{"id":439,"date":"2025-03-17T00:00:39","date_gmt":"2025-03-17T00:00:39","guid":{"rendered":"https:\/\/agenciahispano.prueba.ar\/?page_id=439"},"modified":"2025-03-17T00:12:53","modified_gmt":"2025-03-17T00:12:53","slug":"blog","status":"publish","type":"page","link":"https:\/\/www.latinohispanicadvertising.com\/en\/blog\/","title":{"rendered":"Blog"},"content":{"rendered":"<section data-bg-image=\"url\" class=\"vc_row sec-blog vc_custom_1742170383634 liquid-row-shadowbox-69f0b6bc2a408 vc_row-has-fill vc_row-has-bg\"><div class=\"ld-container container\"><div class=\"row ld-row ld-row-outer\"><div class=\"wpb_column vc_column_container vc_col-sm-12 text-center liquid-column-69f0b6bc2a992\"><div class=\"vc_column-inner\" ><div class=\"wpb_wrapper\"  >\n\t<div class=\"wpb_text_column wpb_content_element  titulo-perfil-en-crecimiento\" >\n\t\t<div class=\"wpb_wrapper\">\n\t\t\t<h1 style=\"text-align: center;\">Blog<\/h1>\n\n\t\t<\/div>\n\t<\/div>\n\n\t<div class=\"wpb_text_column wpb_content_element  texto-perfil-en-crecimiento\" >\n\t\t<div class=\"wpb_wrapper\">\n\t\t\t<p style=\"text-align: center;\">Discover how the Latino community is transforming the U.S. economy. We will explore data, trends and strategies to help you better understand this growing consumer and take advantage of the opportunities the Hispanic market offers.<\/p>\n\n\t\t<\/div>\n\t<\/div>\n<style>.ld_blog_69f0b6bc2abf5 .lqd-lp-row{margin-inline-start:-15px;margin-inline-end:-15px;}.ld_blog_69f0b6bc2abf5 .lqd-lp-column{padding-inline-start:15px;padding-inline-end:15px;margin-bottom:30px;}.ld_blog_69f0b6bc2abf5 .lqd-lp .lqd-lp-title{margin-top:px !important;margin-bottom:px !important;}<\/style><div class=\"lqd-lp-grid ld_blog_69f0b6bc2abf5 lqd-1739066661502-fe854ab3-63c0\"><div class=\"lqd-lp-row row d-flex flex-wrap\"><div class=\"lqd-lp-column col-md-4 col-sm-6 blog\"><article id=\"post-534\" class=\"lqd-lp lqd-lp-style-6 lqd-lp-hover-img-zoom pos-rel round overflow-hidden post-534 post type-post status-publish format-standard has-post-thumbnail hentry category-blog\">\n<div class=\"lqd-lp-img overflow-hidden\">\n\n\t<figure><img decoding=\"async\" width=\"720\" height=\"510\" src=\"https:\/\/www.latinohispanicadvertising.com\/wp-content\/uploads\/2025\/06\/24-de-junio-La-Contribucion-gigante-al-PIB-Nacional-720x510.jpg\" class=\"w-100 wp-post-image\" alt=\"\" srcset=\"https:\/\/www.latinohispanicadvertising.com\/wp-content\/uploads\/2025\/06\/24-de-junio-La-Contribucion-gigante-al-PIB-Nacional-720x510.jpg 720w, https:\/\/www.latinohispanicadvertising.com\/wp-content\/uploads\/2025\/06\/24-de-junio-La-Contribucion-gigante-al-PIB-Nacional-18x12.jpg 18w\" sizes=\"(max-width: 720px) 100vw, 720px\" itemprop=\"image\" \/><\/figure>\n\t<div class=\"lqd-lp-meta text-uppercase font-weight-bold pos-rel z-index-3\">\n\t\t\t<\/div>\n\n<\/div>\n\n<header class=\"lqd-lp-header p-5\">\n\n\t<div class=\"lqd-lp-meta lqd-lp-meta-dot-between d-flex flex-wrap align-items-center text-uppercase ltr-sp-1 font-weight-bold\">\n\n\t\t<div class=\"lqd-lp-author pos-rel z-index-3\">\n\t\t\t<div class=\"lqd-lp-author-info\">\n\t\t\t\t<h3 class=\"mt-0 mb-0 h5\"><a href=\"https:\/\/www.latinohispanicadvertising.com\/en\/author\/luvasoft\/\">luvasoft<\/a><\/h3>\n\t\t\t<\/div>\n\t\t<\/div>\n\n\t\t<time class=\"lqd-lp-date pos-rel z-index-2\" datetime=\"2025-06-10T17:35:38+00:00\">June 10, 2025<\/time>\n\t<\/div>\n\n\t<h2 class=\"entry-title lqd-lp-title mt-3 mb-0 h5\"><a  href=\"https:\/\/www.latinohispanicadvertising.com\/en\/la-contribucion-gigante-al-pib-nacional\/\" rel=\"bookmark\">The giant contribution to the national GDP.<\/a><\/h2>\n<\/header>\n\n<a  href=\"https:\/\/www.latinohispanicadvertising.com\/en\/la-contribucion-gigante-al-pib-nacional\/\" class=\"lqd-lp-overlay-link lqd-overlay z-index-2\" tab-index=\"-1\"><\/a><\/article><\/div><div class=\"lqd-lp-column col-md-4 col-sm-6 blog\"><article id=\"post-530\" class=\"lqd-lp lqd-lp-style-6 lqd-lp-hover-img-zoom pos-rel round overflow-hidden post-530 post type-post status-publish format-standard has-post-thumbnail hentry category-blog\">\n<div class=\"lqd-lp-img overflow-hidden\">\n\n\t<figure><img decoding=\"async\" width=\"720\" height=\"510\" src=\"data:image\/svg+xml;charset=utf-8,%3Csvg xmlns%3D&#039;http%3A%2F%2Fwww.w3.org%2F2000%2Fsvg&#039; viewBox%3D&#039;0 0 720 510&#039;%2F%3E\" class=\"w-100 ld-lazyload wp-post-image\" alt=\"\" itemprop=\"image\" data-src=\"https:\/\/www.latinohispanicadvertising.com\/wp-content\/uploads\/2025\/06\/17-de-junio-El-crecimiento-acelerado-que-lidera-720x510.jpg\" data-srcset=\"https:\/\/www.latinohispanicadvertising.com\/wp-content\/uploads\/2025\/06\/17-de-junio-El-crecimiento-acelerado-que-lidera-720x510.jpg 720w, https:\/\/www.latinohispanicadvertising.com\/wp-content\/uploads\/2025\/06\/17-de-junio-El-crecimiento-acelerado-que-lidera-18x12.jpg 18w\" data-sizes=\"(max-width: 720px) 100vw, 720px\" data-aspect=\"1.4117647058824\" \/><\/figure>\n\t<div class=\"lqd-lp-meta text-uppercase font-weight-bold pos-rel z-index-3\">\n\t\t\t<\/div>\n\n<\/div>\n\n<header class=\"lqd-lp-header p-5\">\n\n\t<div class=\"lqd-lp-meta lqd-lp-meta-dot-between d-flex flex-wrap align-items-center text-uppercase ltr-sp-1 font-weight-bold\">\n\n\t\t<div class=\"lqd-lp-author pos-rel z-index-3\">\n\t\t\t<div class=\"lqd-lp-author-info\">\n\t\t\t\t<h3 class=\"mt-0 mb-0 h5\"><a href=\"https:\/\/www.latinohispanicadvertising.com\/en\/author\/luvasoft\/\">luvasoft<\/a><\/h3>\n\t\t\t<\/div>\n\t\t<\/div>\n\n\t\t<time class=\"lqd-lp-date pos-rel z-index-2\" datetime=\"2025-06-10T17:10:35+00:00\">June 10, 2025<\/time>\n\t<\/div>\n\n\t<h2 class=\"entry-title lqd-lp-title mt-3 mb-0 h5\"><a  href=\"https:\/\/www.latinohispanicadvertising.com\/en\/el-crecimiento-acelerado-que-lidera\/\" rel=\"bookmark\">The accelerated growth that it leads.<\/a><\/h2>\n<\/header>\n\n<a  href=\"https:\/\/www.latinohispanicadvertising.com\/en\/el-crecimiento-acelerado-que-lidera\/\" class=\"lqd-lp-overlay-link lqd-overlay z-index-2\" tab-index=\"-1\"><\/a><\/article><\/div><div class=\"lqd-lp-column col-md-4 col-sm-6 blog\"><article id=\"post-520\" class=\"lqd-lp lqd-lp-style-6 lqd-lp-hover-img-zoom pos-rel round overflow-hidden post-520 post type-post status-publish format-standard has-post-thumbnail hentry category-blog\">\n<div class=\"lqd-lp-img overflow-hidden\">\n\n\t<figure><img decoding=\"async\" width=\"720\" height=\"510\" src=\"data:image\/svg+xml;charset=utf-8,%3Csvg xmlns%3D&#039;http%3A%2F%2Fwww.w3.org%2F2000%2Fsvg&#039; viewBox%3D&#039;0 0 720 510&#039;%2F%3E\" class=\"w-100 ld-lazyload wp-post-image\" alt=\"\" itemprop=\"image\" data-src=\"https:\/\/www.latinohispanicadvertising.com\/wp-content\/uploads\/2025\/06\/10-de-junio-El-motor-demografico-y-economico-del-futuro-720x510.jpg\" data-srcset=\"https:\/\/www.latinohispanicadvertising.com\/wp-content\/uploads\/2025\/06\/10-de-junio-El-motor-demografico-y-economico-del-futuro-720x510.jpg 720w, https:\/\/www.latinohispanicadvertising.com\/wp-content\/uploads\/2025\/06\/10-de-junio-El-motor-demografico-y-economico-del-futuro-18x12.jpg 18w\" data-sizes=\"(max-width: 720px) 100vw, 720px\" data-aspect=\"1.4117647058824\" \/><\/figure>\n\t<div class=\"lqd-lp-meta text-uppercase font-weight-bold pos-rel z-index-3\">\n\t\t\t<\/div>\n\n<\/div>\n\n<header class=\"lqd-lp-header p-5\">\n\n\t<div class=\"lqd-lp-meta lqd-lp-meta-dot-between d-flex flex-wrap align-items-center text-uppercase ltr-sp-1 font-weight-bold\">\n\n\t\t<div class=\"lqd-lp-author pos-rel z-index-3\">\n\t\t\t<div class=\"lqd-lp-author-info\">\n\t\t\t\t<h3 class=\"mt-0 mb-0 h5\"><a href=\"https:\/\/www.latinohispanicadvertising.com\/en\/author\/luvasoft\/\">luvasoft<\/a><\/h3>\n\t\t\t<\/div>\n\t\t<\/div>\n\n\t\t<time class=\"lqd-lp-date pos-rel z-index-2\" datetime=\"2025-06-10T00:10:53+00:00\">June 10, 2025<\/time>\n\t<\/div>\n\n\t<h2 class=\"entry-title lqd-lp-title mt-3 mb-0 h5\"><a  href=\"https:\/\/www.latinohispanicadvertising.com\/en\/el-motor-demografico-y-economico-del-futuro\/\" rel=\"bookmark\">The demographic and economic engine of the future.<\/a><\/h2>\n<\/header>\n\n<a  href=\"https:\/\/www.latinohispanicadvertising.com\/en\/el-motor-demografico-y-economico-del-futuro\/\" class=\"lqd-lp-overlay-link lqd-overlay z-index-2\" tab-index=\"-1\"><\/a><\/article><\/div><div class=\"lqd-lp-column col-md-4 col-sm-6 blog\"><article id=\"post-277\" class=\"lqd-lp lqd-lp-style-6 lqd-lp-hover-img-zoom pos-rel round overflow-hidden post-277 post type-post status-publish format-standard has-post-thumbnail hentry category-blog\">\n<div class=\"lqd-lp-img overflow-hidden\">\n\n\t<figure><img decoding=\"async\" width=\"720\" height=\"510\" src=\"data:image\/svg+xml;charset=utf-8,%3Csvg xmlns%3D&#039;http%3A%2F%2Fwww.w3.org%2F2000%2Fsvg&#039; viewBox%3D&#039;0 0 720 510&#039;%2F%3E\" class=\"w-100 ld-lazyload wp-post-image\" alt=\"\" itemprop=\"image\" data-src=\"https:\/\/www.latinohispanicadvertising.com\/wp-content\/uploads\/2025\/03\/El-Futuro-del-Marketing-para-Latinos-Tendencias-y-Oportunidades-720x510.jpg\" data-srcset=\"https:\/\/www.latinohispanicadvertising.com\/wp-content\/uploads\/2025\/03\/El-Futuro-del-Marketing-para-Latinos-Tendencias-y-Oportunidades-720x510.jpg 720w, https:\/\/www.latinohispanicadvertising.com\/wp-content\/uploads\/2025\/03\/El-Futuro-del-Marketing-para-Latinos-Tendencias-y-Oportunidades-18x12.jpg 18w\" data-sizes=\"(max-width: 720px) 100vw, 720px\" data-aspect=\"1.4117647058824\" \/><\/figure>\n\t<div class=\"lqd-lp-meta text-uppercase font-weight-bold pos-rel z-index-3\">\n\t\t\t<\/div>\n\n<\/div>\n\n<header class=\"lqd-lp-header p-5\">\n\n\t<div class=\"lqd-lp-meta lqd-lp-meta-dot-between d-flex flex-wrap align-items-center text-uppercase ltr-sp-1 font-weight-bold\">\n\n\t\t<div class=\"lqd-lp-author pos-rel z-index-3\">\n\t\t\t<div class=\"lqd-lp-author-info\">\n\t\t\t\t<h3 class=\"mt-0 mb-0 h5\"><a href=\"https:\/\/www.latinohispanicadvertising.com\/en\/author\/luvasoft\/\">luvasoft<\/a><\/h3>\n\t\t\t<\/div>\n\t\t<\/div>\n\n\t\t<time class=\"lqd-lp-date pos-rel z-index-2\" datetime=\"2025-03-05T03:41:12+00:00\">March 5, 2025<\/time>\n\t<\/div>\n\n\t<h2 class=\"entry-title lqd-lp-title mt-3 mb-0 h5\"><a  href=\"https:\/\/www.latinohispanicadvertising.com\/en\/el-futuro-del-marketing-para-latinos-tendencias-y-oportunidades\/\" rel=\"bookmark\">The Future of Marketing to Latinos: Trends and Opportunities<\/a><\/h2>\n<\/header>\n\n<a  href=\"https:\/\/www.latinohispanicadvertising.com\/en\/el-futuro-del-marketing-para-latinos-tendencias-y-oportunidades\/\" class=\"lqd-lp-overlay-link lqd-overlay z-index-2\" tab-index=\"-1\"><\/a><\/article><\/div><div class=\"lqd-lp-column col-md-4 col-sm-6 blog\"><article id=\"post-275\" class=\"lqd-lp lqd-lp-style-6 lqd-lp-hover-img-zoom pos-rel round overflow-hidden post-275 post type-post status-publish format-standard has-post-thumbnail hentry category-blog\">\n<div class=\"lqd-lp-img overflow-hidden\">\n\n\t<figure><img decoding=\"async\" width=\"720\" height=\"510\" src=\"data:image\/svg+xml;charset=utf-8,%3Csvg xmlns%3D&#039;http%3A%2F%2Fwww.w3.org%2F2000%2Fsvg&#039; viewBox%3D&#039;0 0 720 510&#039;%2F%3E\" class=\"w-100 ld-lazyload wp-post-image\" alt=\"\" itemprop=\"image\" data-src=\"https:\/\/www.latinohispanicadvertising.com\/wp-content\/uploads\/2025\/03\/La-Importancia-de-la-Representacion-Autentica-en-el-Marketing-para-Latinos_Mesa-de-trabajo-1-copia-720x510.jpg\" data-srcset=\"https:\/\/www.latinohispanicadvertising.com\/wp-content\/uploads\/2025\/03\/La-Importancia-de-la-Representacion-Autentica-en-el-Marketing-para-Latinos_Mesa-de-trabajo-1-copia-720x510.jpg 720w, https:\/\/www.latinohispanicadvertising.com\/wp-content\/uploads\/2025\/03\/La-Importancia-de-la-Representacion-Autentica-en-el-Marketing-para-Latinos_Mesa-de-trabajo-1-copia-18x12.jpg 18w\" data-sizes=\"(max-width: 720px) 100vw, 720px\" data-aspect=\"1.4117647058824\" \/><\/figure>\n\t<div class=\"lqd-lp-meta text-uppercase font-weight-bold pos-rel z-index-3\">\n\t\t\t<\/div>\n\n<\/div>\n\n<header class=\"lqd-lp-header p-5\">\n\n\t<div class=\"lqd-lp-meta lqd-lp-meta-dot-between d-flex flex-wrap align-items-center text-uppercase ltr-sp-1 font-weight-bold\">\n\n\t\t<div class=\"lqd-lp-author pos-rel z-index-3\">\n\t\t\t<div class=\"lqd-lp-author-info\">\n\t\t\t\t<h3 class=\"mt-0 mb-0 h5\"><a href=\"https:\/\/www.latinohispanicadvertising.com\/en\/author\/luvasoft\/\">luvasoft<\/a><\/h3>\n\t\t\t<\/div>\n\t\t<\/div>\n\n\t\t<time class=\"lqd-lp-date pos-rel z-index-2\" datetime=\"2025-03-05T03:39:26+00:00\">March 5, 2025<\/time>\n\t<\/div>\n\n\t<h2 class=\"entry-title lqd-lp-title mt-3 mb-0 h5\"><a  href=\"https:\/\/www.latinohispanicadvertising.com\/en\/la-importancia-de-la-representacion-autentica-en-el-marketing-para-latinos\/\" rel=\"bookmark\">The importance of authentic representation in marketing to Latinos<\/a><\/h2>\n<\/header>\n\n<a  href=\"https:\/\/www.latinohispanicadvertising.com\/en\/la-importancia-de-la-representacion-autentica-en-el-marketing-para-latinos\/\" class=\"lqd-lp-overlay-link lqd-overlay z-index-2\" tab-index=\"-1\"><\/a><\/article><\/div><div class=\"lqd-lp-column col-md-4 col-sm-6 blog\"><article id=\"post-273\" class=\"lqd-lp lqd-lp-style-6 lqd-lp-hover-img-zoom pos-rel round overflow-hidden post-273 post type-post status-publish format-standard has-post-thumbnail hentry category-blog\">\n<div class=\"lqd-lp-img overflow-hidden\">\n\n\t<figure><img decoding=\"async\" width=\"720\" height=\"510\" src=\"data:image\/svg+xml;charset=utf-8,%3Csvg xmlns%3D&#039;http%3A%2F%2Fwww.w3.org%2F2000%2Fsvg&#039; viewBox%3D&#039;0 0 720 510&#039;%2F%3E\" class=\"w-100 ld-lazyload wp-post-image\" alt=\"El Espa\u00f1ol Un Idioma Vivo y Vibrante en el Mercado Latino_Mesa de trabajo 1\" itemprop=\"image\" data-src=\"https:\/\/www.latinohispanicadvertising.com\/wp-content\/uploads\/2025\/03\/El-Espanol-Un-Idioma-Vivo-y-Vibrante-en-el-Mercado-Latino_Mesa-de-trabajo-1-720x510.jpg\" data-srcset=\"https:\/\/www.latinohispanicadvertising.com\/wp-content\/uploads\/2025\/03\/El-Espanol-Un-Idioma-Vivo-y-Vibrante-en-el-Mercado-Latino_Mesa-de-trabajo-1-720x510.jpg 720w, https:\/\/www.latinohispanicadvertising.com\/wp-content\/uploads\/2025\/03\/El-Espanol-Un-Idioma-Vivo-y-Vibrante-en-el-Mercado-Latino_Mesa-de-trabajo-1-18x12.jpg 18w\" data-sizes=\"(max-width: 720px) 100vw, 720px\" data-aspect=\"1.4117647058824\" \/><\/figure>\n\t<div class=\"lqd-lp-meta text-uppercase font-weight-bold pos-rel z-index-3\">\n\t\t\t<\/div>\n\n<\/div>\n\n<header class=\"lqd-lp-header p-5\">\n\n\t<div class=\"lqd-lp-meta lqd-lp-meta-dot-between d-flex flex-wrap align-items-center text-uppercase ltr-sp-1 font-weight-bold\">\n\n\t\t<div class=\"lqd-lp-author pos-rel z-index-3\">\n\t\t\t<div class=\"lqd-lp-author-info\">\n\t\t\t\t<h3 class=\"mt-0 mb-0 h5\"><a href=\"https:\/\/www.latinohispanicadvertising.com\/en\/author\/luvasoft\/\">luvasoft<\/a><\/h3>\n\t\t\t<\/div>\n\t\t<\/div>\n\n\t\t<time class=\"lqd-lp-date pos-rel z-index-2\" datetime=\"2025-03-05T03:38:27+00:00\">March 5, 2025<\/time>\n\t<\/div>\n\n\t<h2 class=\"entry-title lqd-lp-title mt-3 mb-0 h5\"><a  href=\"https:\/\/www.latinohispanicadvertising.com\/en\/el-espanol-un-idioma-vivo-y-vibrante-en-el-mercado-latino\/\" rel=\"bookmark\">Spanish: a living and vibrant language in the Latin American market<\/a><\/h2>\n<\/header>\n\n<a  href=\"https:\/\/www.latinohispanicadvertising.com\/en\/el-espanol-un-idioma-vivo-y-vibrante-en-el-mercado-latino\/\" class=\"lqd-lp-overlay-link lqd-overlay z-index-2\" tab-index=\"-1\"><\/a><\/article><\/div><\/div><!--\/ .row --><\/div><!--\/ .lqd-lp-grid --><\/div><\/div><\/div><\/div><\/div><\/section>","protected":false},"excerpt":{"rendered":"Esta nota explora la importancia del idioma espa\u00f1ol en el mercado latino y c\u00f3mo las empresas pueden utilizarlo para conectar con los consumidores de manera aut\u00e9ntica. A pesar de la creciente diversidad del mercado latino, el espa\u00f1ol sigue siendo un idioma vital que conecta a las personas con su cultura y su herencia. El 71% [...]","protected":false},"author":1,"featured_media":0,"parent":0,"menu_order":0,"comment_status":"closed","ping_status":"closed","template":"","meta":{"footnotes":""},"class_list":["post-439","page","type-page","status-publish","hentry"],"yoast_head":"<!-- This site is optimized with the Yoast SEO plugin v27.4 - https:\/\/yoast.com\/product\/yoast-seo-wordpress\/ -->\n<title>Blog - The Hei Hispanic Agency<\/title>\n<meta name=\"robots\" content=\"index, follow, max-snippet:-1, max-image-preview:large, max-video-preview:-1\" \/>\n<link rel=\"canonical\" href=\"https:\/\/theheihispanicagency.com\/en\/blog\/\" \/>\n<meta property=\"og:locale\" content=\"en_US\" \/>\n<meta property=\"og:type\" content=\"article\" \/>\n<meta property=\"og:title\" content=\"Blog - The Hei Hispanic Agency\" \/>\n<meta property=\"og:url\" content=\"https:\/\/theheihispanicagency.com\/en\/blog\/\" \/>\n<meta property=\"og:site_name\" content=\"The Hei Hispanic Agency\" \/>\n<meta property=\"article:modified_time\" content=\"2025-03-17T00:12:53+00:00\" \/>\n<meta property=\"og:image\" content=\"https:\/\/www.latinohispanicadvertising.com\/wp-content\/uploads\/2025\/02\/logo-banner-desde-nuestras-inicios.png\" \/>\n\t<meta property=\"og:image:width\" content=\"158\" \/>\n\t<meta property=\"og:image:height\" content=\"208\" \/>\n\t<meta property=\"og:image:type\" content=\"image\/png\" \/>\n<meta name=\"twitter:card\" content=\"summary_large_image\" \/>\n<meta name=\"twitter:label1\" content=\"Est. reading time\" \/>\n\t<meta name=\"twitter:data1\" content=\"1 minute\" \/>\n<script type=\"application\/ld+json\" class=\"yoast-schema-graph\">{\"@context\":\"https:\\\/\\\/schema.org\",\"@graph\":[{\"@type\":\"WebPage\",\"@id\":\"https:\\\/\\\/theheihispanicagency.com\\\/en\\\/blog\\\/\",\"url\":\"https:\\\/\\\/theheihispanicagency.com\\\/en\\\/blog\\\/\",\"name\":\"Blog - The Hei Hispanic Agency\",\"isPartOf\":{\"@id\":\"https:\\\/\\\/www.latinohispanicadvertising.com\\\/en\\\/#website\"},\"datePublished\":\"2025-03-17T00:00:39+00:00\",\"dateModified\":\"2025-03-17T00:12:53+00:00\",\"breadcrumb\":{\"@id\":\"https:\\\/\\\/theheihispanicagency.com\\\/en\\\/blog\\\/#breadcrumb\"},\"inLanguage\":\"en-US\",\"potentialAction\":[{\"@type\":\"ReadAction\",\"target\":[\"https:\\\/\\\/theheihispanicagency.com\\\/en\\\/blog\\\/\"]}]},{\"@type\":\"BreadcrumbList\",\"@id\":\"https:\\\/\\\/theheihispanicagency.com\\\/en\\\/blog\\\/#breadcrumb\",\"itemListElement\":[{\"@type\":\"ListItem\",\"position\":1,\"name\":\"Inicio\",\"item\":\"https:\\\/\\\/www.latinohispanicadvertising.com\\\/es\\\/\"},{\"@type\":\"ListItem\",\"position\":2,\"name\":\"Blog\"}]},{\"@type\":\"WebSite\",\"@id\":\"https:\\\/\\\/www.latinohispanicadvertising.com\\\/en\\\/#website\",\"url\":\"https:\\\/\\\/www.latinohispanicadvertising.com\\\/en\\\/\",\"name\":\"The Hei Hispanic Agency \ud83d\udc49 Agencia De Publicidad Hispana\",\"description\":\"\u2b50 &iquest;Buscas una agencia de publicidad hispana en Virginia que entienda el poder del mercado latino? Ofrecemos una gama completa de servicios de marketing para hispanos en Washington DC, desde dise&ntilde;o gr&aacute;fico y gesti&oacute;n de redes sociales hasta desarrollo web y consultor&iacute;a estrat&eacute;gica.\",\"publisher\":{\"@id\":\"https:\\\/\\\/www.latinohispanicadvertising.com\\\/en\\\/#organization\"},\"potentialAction\":[{\"@type\":\"SearchAction\",\"target\":{\"@type\":\"EntryPoint\",\"urlTemplate\":\"https:\\\/\\\/www.latinohispanicadvertising.com\\\/en\\\/?s={search_term_string}\"},\"query-input\":{\"@type\":\"PropertyValueSpecification\",\"valueRequired\":true,\"valueName\":\"search_term_string\"}}],\"inLanguage\":\"en-US\"},{\"@type\":\"Organization\",\"@id\":\"https:\\\/\\\/www.latinohispanicadvertising.com\\\/en\\\/#organization\",\"name\":\"The Hei Hispanic Agency INC\",\"url\":\"https:\\\/\\\/www.latinohispanicadvertising.com\\\/en\\\/\",\"logo\":{\"@type\":\"ImageObject\",\"inLanguage\":\"en-US\",\"@id\":\"https:\\\/\\\/www.latinohispanicadvertising.com\\\/en\\\/#\\\/schema\\\/logo\\\/image\\\/\",\"url\":\"https:\\\/\\\/theheihispanicagency.com\\\/wp-content\\\/uploads\\\/2025\\\/02\\\/logo-banner-desde-nuestras-inicios.png\",\"contentUrl\":\"https:\\\/\\\/theheihispanicagency.com\\\/wp-content\\\/uploads\\\/2025\\\/02\\\/logo-banner-desde-nuestras-inicios.png\",\"width\":158,\"height\":208,\"caption\":\"The Hei Hispanic Agency INC\"},\"image\":{\"@id\":\"https:\\\/\\\/www.latinohispanicadvertising.com\\\/en\\\/#\\\/schema\\\/logo\\\/image\\\/\"}}]}<\/script>\n<!-- \/ Yoast SEO plugin. -->","yoast_head_json":{"title":"Blog - The Hei Hispanic Agency","robots":{"index":"index","follow":"follow","max-snippet":"max-snippet:-1","max-image-preview":"max-image-preview:large","max-video-preview":"max-video-preview:-1"},"canonical":"https:\/\/theheihispanicagency.com\/en\/blog\/","og_locale":"en_US","og_type":"article","og_title":"Blog - The Hei Hispanic Agency","og_url":"https:\/\/theheihispanicagency.com\/en\/blog\/","og_site_name":"The Hei Hispanic Agency","article_modified_time":"2025-03-17T00:12:53+00:00","og_image":[{"width":158,"height":208,"url":"https:\/\/www.latinohispanicadvertising.com\/wp-content\/uploads\/2025\/02\/logo-banner-desde-nuestras-inicios.png","type":"image\/png"}],"twitter_card":"summary_large_image","twitter_misc":{"Est. reading time":"1 minute"},"schema":{"@context":"https:\/\/schema.org","@graph":[{"@type":"WebPage","@id":"https:\/\/theheihispanicagency.com\/en\/blog\/","url":"https:\/\/theheihispanicagency.com\/en\/blog\/","name":"Blog - The Hei Hispanic Agency","isPartOf":{"@id":"https:\/\/www.latinohispanicadvertising.com\/en\/#website"},"datePublished":"2025-03-17T00:00:39+00:00","dateModified":"2025-03-17T00:12:53+00:00","breadcrumb":{"@id":"https:\/\/theheihispanicagency.com\/en\/blog\/#breadcrumb"},"inLanguage":"en-US","potentialAction":[{"@type":"ReadAction","target":["https:\/\/theheihispanicagency.com\/en\/blog\/"]}]},{"@type":"BreadcrumbList","@id":"https:\/\/theheihispanicagency.com\/en\/blog\/#breadcrumb","itemListElement":[{"@type":"ListItem","position":1,"name":"Inicio","item":"https:\/\/www.latinohispanicadvertising.com\/es\/"},{"@type":"ListItem","position":2,"name":"Blog"}]},{"@type":"WebSite","@id":"https:\/\/www.latinohispanicadvertising.com\/en\/#website","url":"https:\/\/www.latinohispanicadvertising.com\/en\/","name":"The Hei Hispanic Agency \ud83d\udc49 Agencia De Publicidad Hispana","description":"\u2b50 &iquest;Buscas una agencia de publicidad hispana en Virginia que entienda el poder del mercado latino? Ofrecemos una gama completa de servicios de marketing para hispanos en Washington DC, desde dise&ntilde;o gr&aacute;fico y gesti&oacute;n de redes sociales hasta desarrollo web y consultor&iacute;a estrat&eacute;gica.","publisher":{"@id":"https:\/\/www.latinohispanicadvertising.com\/en\/#organization"},"potentialAction":[{"@type":"SearchAction","target":{"@type":"EntryPoint","urlTemplate":"https:\/\/www.latinohispanicadvertising.com\/en\/?s={search_term_string}"},"query-input":{"@type":"PropertyValueSpecification","valueRequired":true,"valueName":"search_term_string"}}],"inLanguage":"en-US"},{"@type":"Organization","@id":"https:\/\/www.latinohispanicadvertising.com\/en\/#organization","name":"The Hei Hispanic Agency INC","url":"https:\/\/www.latinohispanicadvertising.com\/en\/","logo":{"@type":"ImageObject","inLanguage":"en-US","@id":"https:\/\/www.latinohispanicadvertising.com\/en\/#\/schema\/logo\/image\/","url":"https:\/\/theheihispanicagency.com\/wp-content\/uploads\/2025\/02\/logo-banner-desde-nuestras-inicios.png","contentUrl":"https:\/\/theheihispanicagency.com\/wp-content\/uploads\/2025\/02\/logo-banner-desde-nuestras-inicios.png","width":158,"height":208,"caption":"The Hei Hispanic Agency INC"},"image":{"@id":"https:\/\/www.latinohispanicadvertising.com\/en\/#\/schema\/logo\/image\/"}}]}},"_links":{"self":[{"href":"https:\/\/www.latinohispanicadvertising.com\/en\/wp-json\/wp\/v2\/pages\/439","targetHints":{"allow":["GET"]}}],"collection":[{"href":"https:\/\/www.latinohispanicadvertising.com\/en\/wp-json\/wp\/v2\/pages"}],"about":[{"href":"https:\/\/www.latinohispanicadvertising.com\/en\/wp-json\/wp\/v2\/types\/page"}],"author":[{"embeddable":true,"href":"https:\/\/www.latinohispanicadvertising.com\/en\/wp-json\/wp\/v2\/users\/1"}],"replies":[{"embeddable":true,"href":"https:\/\/www.latinohispanicadvertising.com\/en\/wp-json\/wp\/v2\/comments?post=439"}],"version-history":[{"count":5,"href":"https:\/\/www.latinohispanicadvertising.com\/en\/wp-json\/wp\/v2\/pages\/439\/revisions"}],"predecessor-version":[{"id":448,"href":"https:\/\/www.latinohispanicadvertising.com\/en\/wp-json\/wp\/v2\/pages\/439\/revisions\/448"}],"wp:attachment":[{"href":"https:\/\/www.latinohispanicadvertising.com\/en\/wp-json\/wp\/v2\/media?parent=439"}],"curies":[{"name":"wp","href":"https:\/\/api.w.org\/{rel}","templated":true}]}}