{"id":73,"date":"2025-02-12T01:29:43","date_gmt":"2025-02-12T01:29:43","guid":{"rendered":"https:\/\/agenciahispano.prueba.ar\/?page_id=73"},"modified":"2025-03-16T23:16:08","modified_gmt":"2025-03-16T23:16:08","slug":"contacto","status":"publish","type":"page","link":"https:\/\/www.latinohispanicadvertising.com\/en\/contacto\/","title":{"rendered":"Contact"},"content":{"rendered":"<section data-row-bg=\"https:\/\/theheihispanicagency.com\/wp-content\/uploads\/2025\/02\/fondo-banner-contacto.png?id=76\" data-bg-image=\"url\" class=\"vc_row div-contacto vc_custom_1741474418561 liquid-row-shadowbox-69f0b29b9d3ae vc_row-has-fill vc_row-has-bg lqd-has-bg-markup row-bg-appended\"><span class=\"row-bg-loader\"><\/span><div class=\"row-bg-wrap\">\n\t\t<div class=\"row-bg-inner\">\n\t\t\t<figure class=\"row-bg\" ><\/figure>\n\t\t<\/div>\n\t<\/div><div class=\"ld-container container\"><div class=\"row ld-row ld-row-outer\"><div class=\"wpb_column vc_column_container vc_col-sm-12 liquid-column-69f0b29b9d95a\"><div class=\"vc_column-inner\" ><div class=\"wpb_wrapper\"  >\n\t<div class=\"wpb_text_column wpb_content_element  titulo-contacto\" >\n\t\t<div class=\"wpb_wrapper\">\n\t\t\t<h1>Contact<\/h1>\n\n\t\t<\/div>\n\t<\/div>\n<\/div><\/div><\/div><\/div><\/div><\/section>","protected":false},"excerpt":{"rendered":"Contact","protected":false},"author":1,"featured_media":61,"parent":0,"menu_order":0,"comment_status":"closed","ping_status":"closed","template":"","meta":{"footnotes":""},"class_list":["post-73","page","type-page","status-publish","has-post-thumbnail","hentry"],"yoast_head":"<!-- This site is optimized with the Yoast SEO plugin v27.4 - https:\/\/yoast.com\/product\/yoast-seo-wordpress\/ -->\n<title>The Hei Hispanic Agency \u27a4 Contacto<\/title>\n<meta name=\"description\" content=\"\u00bfListo para Crecer? Cont\u00e1ctanos HoyEnv\u00edenos tus consultas. Estamos aqu\u00ed para responder y compartir nuestra pasi\u00f3n contigo. \u26a1\" \/>\n<meta name=\"robots\" content=\"index, follow, max-snippet:-1, max-image-preview:large, max-video-preview:-1\" \/>\n<link rel=\"canonical\" href=\"https:\/\/theheihispanicagency.com\/en\/contacto\/\" \/>\n<meta property=\"og:locale\" content=\"en_US\" \/>\n<meta property=\"og:type\" content=\"article\" \/>\n<meta property=\"og:title\" content=\"The Hei Hispanic Agency \u27a4 Contacto\" \/>\n<meta property=\"og:description\" content=\"\u00bfListo para Crecer? Cont\u00e1ctanos HoyEnv\u00edenos tus consultas. Estamos aqu\u00ed para responder y compartir nuestra pasi\u00f3n contigo. \u26a1\" \/>\n<meta property=\"og:url\" content=\"https:\/\/theheihispanicagency.com\/en\/contacto\/\" \/>\n<meta property=\"og:site_name\" content=\"The Hei Hispanic Agency\" \/>\n<meta property=\"article:modified_time\" content=\"2025-03-16T23:16:08+00:00\" \/>\n<meta property=\"og:image\" content=\"https:\/\/theheihispanicagency.com\/wp-content\/uploads\/2025\/02\/logo-banner-desde-nuestras-inicios.png\" \/>\n\t<meta property=\"og:image:width\" content=\"158\" \/>\n\t<meta property=\"og:image:height\" content=\"208\" \/>\n\t<meta property=\"og:image:type\" content=\"image\/png\" \/>\n<meta name=\"twitter:card\" content=\"summary_large_image\" \/>\n<meta name=\"twitter:label1\" content=\"Est. reading time\" \/>\n\t<meta name=\"twitter:data1\" content=\"1 minute\" \/>\n<script type=\"application\/ld+json\" class=\"yoast-schema-graph\">{\"@context\":\"https:\\\/\\\/schema.org\",\"@graph\":[{\"@type\":\"WebPage\",\"@id\":\"https:\\\/\\\/theheihispanicagency.com\\\/en\\\/contacto\\\/\",\"url\":\"https:\\\/\\\/theheihispanicagency.com\\\/en\\\/contacto\\\/\",\"name\":\"The Hei Hispanic Agency \u27a4 Contacto\",\"isPartOf\":{\"@id\":\"https:\\\/\\\/www.latinohispanicadvertising.com\\\/en\\\/#website\"},\"primaryImageOfPage\":{\"@id\":\"https:\\\/\\\/theheihispanicagency.com\\\/en\\\/contacto\\\/#primaryimage\"},\"image\":{\"@id\":\"https:\\\/\\\/theheihispanicagency.com\\\/en\\\/contacto\\\/#primaryimage\"},\"thumbnailUrl\":\"https:\\\/\\\/www.latinohispanicadvertising.com\\\/wp-content\\\/uploads\\\/2025\\\/02\\\/logo-banner-desde-nuestras-inicios.png\",\"datePublished\":\"2025-02-12T01:29:43+00:00\",\"dateModified\":\"2025-03-16T23:16:08+00:00\",\"description\":\"\u00bfListo para Crecer? Cont\u00e1ctanos HoyEnv\u00edenos tus consultas. Estamos aqu\u00ed para responder y compartir nuestra pasi\u00f3n contigo. \u26a1\",\"breadcrumb\":{\"@id\":\"https:\\\/\\\/theheihispanicagency.com\\\/en\\\/contacto\\\/#breadcrumb\"},\"inLanguage\":\"en-US\",\"potentialAction\":[{\"@type\":\"ReadAction\",\"target\":[\"https:\\\/\\\/theheihispanicagency.com\\\/en\\\/contacto\\\/\"]}]},{\"@type\":\"ImageObject\",\"inLanguage\":\"en-US\",\"@id\":\"https:\\\/\\\/theheihispanicagency.com\\\/en\\\/contacto\\\/#primaryimage\",\"url\":\"https:\\\/\\\/www.latinohispanicadvertising.com\\\/wp-content\\\/uploads\\\/2025\\\/02\\\/logo-banner-desde-nuestras-inicios.png\",\"contentUrl\":\"https:\\\/\\\/www.latinohispanicadvertising.com\\\/wp-content\\\/uploads\\\/2025\\\/02\\\/logo-banner-desde-nuestras-inicios.png\",\"width\":158,\"height\":208,\"caption\":\"logo banner desde nuestras inicios\"},{\"@type\":\"BreadcrumbList\",\"@id\":\"https:\\\/\\\/theheihispanicagency.com\\\/en\\\/contacto\\\/#breadcrumb\",\"itemListElement\":[{\"@type\":\"ListItem\",\"position\":1,\"name\":\"Inicio\",\"item\":\"https:\\\/\\\/www.latinohispanicadvertising.com\\\/es\\\/\"},{\"@type\":\"ListItem\",\"position\":2,\"name\":\"Contacto\"}]},{\"@type\":\"WebSite\",\"@id\":\"https:\\\/\\\/www.latinohispanicadvertising.com\\\/en\\\/#website\",\"url\":\"https:\\\/\\\/www.latinohispanicadvertising.com\\\/en\\\/\",\"name\":\"The Hei Hispanic Agency \ud83d\udc49 Agencia De Publicidad Hispana\",\"description\":\"\u2b50 &iquest;Buscas una agencia de publicidad hispana en Virginia que entienda el poder del mercado latino? Ofrecemos una gama completa de servicios de marketing para hispanos en Washington DC, desde dise&ntilde;o gr&aacute;fico y gesti&oacute;n de redes sociales hasta desarrollo web y consultor&iacute;a estrat&eacute;gica.\",\"publisher\":{\"@id\":\"https:\\\/\\\/www.latinohispanicadvertising.com\\\/en\\\/#organization\"},\"potentialAction\":[{\"@type\":\"SearchAction\",\"target\":{\"@type\":\"EntryPoint\",\"urlTemplate\":\"https:\\\/\\\/www.latinohispanicadvertising.com\\\/en\\\/?s={search_term_string}\"},\"query-input\":{\"@type\":\"PropertyValueSpecification\",\"valueRequired\":true,\"valueName\":\"search_term_string\"}}],\"inLanguage\":\"en-US\"},{\"@type\":\"Organization\",\"@id\":\"https:\\\/\\\/www.latinohispanicadvertising.com\\\/en\\\/#organization\",\"name\":\"The Hei Hispanic Agency INC\",\"url\":\"https:\\\/\\\/www.latinohispanicadvertising.com\\\/en\\\/\",\"logo\":{\"@type\":\"ImageObject\",\"inLanguage\":\"en-US\",\"@id\":\"https:\\\/\\\/www.latinohispanicadvertising.com\\\/en\\\/#\\\/schema\\\/logo\\\/image\\\/\",\"url\":\"https:\\\/\\\/theheihispanicagency.com\\\/wp-content\\\/uploads\\\/2025\\\/02\\\/logo-banner-desde-nuestras-inicios.png\",\"contentUrl\":\"https:\\\/\\\/theheihispanicagency.com\\\/wp-content\\\/uploads\\\/2025\\\/02\\\/logo-banner-desde-nuestras-inicios.png\",\"width\":158,\"height\":208,\"caption\":\"The Hei Hispanic Agency INC\"},\"image\":{\"@id\":\"https:\\\/\\\/www.latinohispanicadvertising.com\\\/en\\\/#\\\/schema\\\/logo\\\/image\\\/\"}}]}<\/script>\n<!-- \/ Yoast SEO plugin. -->","yoast_head_json":{"title":"The Hei Hispanic Agency \u27a4 Contacto","description":"\u00bfListo para Crecer? Cont\u00e1ctanos HoyEnv\u00edenos tus consultas. Estamos aqu\u00ed para responder y compartir nuestra pasi\u00f3n contigo. \u26a1","robots":{"index":"index","follow":"follow","max-snippet":"max-snippet:-1","max-image-preview":"max-image-preview:large","max-video-preview":"max-video-preview:-1"},"canonical":"https:\/\/theheihispanicagency.com\/en\/contacto\/","og_locale":"en_US","og_type":"article","og_title":"The Hei Hispanic Agency \u27a4 Contacto","og_description":"\u00bfListo para Crecer? Cont\u00e1ctanos HoyEnv\u00edenos tus consultas. Estamos aqu\u00ed para responder y compartir nuestra pasi\u00f3n contigo. \u26a1","og_url":"https:\/\/theheihispanicagency.com\/en\/contacto\/","og_site_name":"The Hei Hispanic Agency","article_modified_time":"2025-03-16T23:16:08+00:00","og_image":[{"width":158,"height":208,"url":"https:\/\/theheihispanicagency.com\/wp-content\/uploads\/2025\/02\/logo-banner-desde-nuestras-inicios.png","type":"image\/png"}],"twitter_card":"summary_large_image","twitter_misc":{"Est. reading time":"1 minute"},"schema":{"@context":"https:\/\/schema.org","@graph":[{"@type":"WebPage","@id":"https:\/\/theheihispanicagency.com\/en\/contacto\/","url":"https:\/\/theheihispanicagency.com\/en\/contacto\/","name":"The Hei Hispanic Agency \u27a4 Contacto","isPartOf":{"@id":"https:\/\/www.latinohispanicadvertising.com\/en\/#website"},"primaryImageOfPage":{"@id":"https:\/\/theheihispanicagency.com\/en\/contacto\/#primaryimage"},"image":{"@id":"https:\/\/theheihispanicagency.com\/en\/contacto\/#primaryimage"},"thumbnailUrl":"https:\/\/www.latinohispanicadvertising.com\/wp-content\/uploads\/2025\/02\/logo-banner-desde-nuestras-inicios.png","datePublished":"2025-02-12T01:29:43+00:00","dateModified":"2025-03-16T23:16:08+00:00","description":"\u00bfListo para Crecer? Cont\u00e1ctanos HoyEnv\u00edenos tus consultas. Estamos aqu\u00ed para responder y compartir nuestra pasi\u00f3n contigo. \u26a1","breadcrumb":{"@id":"https:\/\/theheihispanicagency.com\/en\/contacto\/#breadcrumb"},"inLanguage":"en-US","potentialAction":[{"@type":"ReadAction","target":["https:\/\/theheihispanicagency.com\/en\/contacto\/"]}]},{"@type":"ImageObject","inLanguage":"en-US","@id":"https:\/\/theheihispanicagency.com\/en\/contacto\/#primaryimage","url":"https:\/\/www.latinohispanicadvertising.com\/wp-content\/uploads\/2025\/02\/logo-banner-desde-nuestras-inicios.png","contentUrl":"https:\/\/www.latinohispanicadvertising.com\/wp-content\/uploads\/2025\/02\/logo-banner-desde-nuestras-inicios.png","width":158,"height":208,"caption":"logo banner desde nuestras inicios"},{"@type":"BreadcrumbList","@id":"https:\/\/theheihispanicagency.com\/en\/contacto\/#breadcrumb","itemListElement":[{"@type":"ListItem","position":1,"name":"Inicio","item":"https:\/\/www.latinohispanicadvertising.com\/es\/"},{"@type":"ListItem","position":2,"name":"Contacto"}]},{"@type":"WebSite","@id":"https:\/\/www.latinohispanicadvertising.com\/en\/#website","url":"https:\/\/www.latinohispanicadvertising.com\/en\/","name":"The Hei Hispanic Agency \ud83d\udc49 Agencia De Publicidad Hispana","description":"\u2b50 &iquest;Buscas una agencia de publicidad hispana en Virginia que entienda el poder del mercado latino? Ofrecemos una gama completa de servicios de marketing para hispanos en Washington DC, desde dise&ntilde;o gr&aacute;fico y gesti&oacute;n de redes sociales hasta desarrollo web y consultor&iacute;a estrat&eacute;gica.","publisher":{"@id":"https:\/\/www.latinohispanicadvertising.com\/en\/#organization"},"potentialAction":[{"@type":"SearchAction","target":{"@type":"EntryPoint","urlTemplate":"https:\/\/www.latinohispanicadvertising.com\/en\/?s={search_term_string}"},"query-input":{"@type":"PropertyValueSpecification","valueRequired":true,"valueName":"search_term_string"}}],"inLanguage":"en-US"},{"@type":"Organization","@id":"https:\/\/www.latinohispanicadvertising.com\/en\/#organization","name":"The Hei Hispanic Agency INC","url":"https:\/\/www.latinohispanicadvertising.com\/en\/","logo":{"@type":"ImageObject","inLanguage":"en-US","@id":"https:\/\/www.latinohispanicadvertising.com\/en\/#\/schema\/logo\/image\/","url":"https:\/\/theheihispanicagency.com\/wp-content\/uploads\/2025\/02\/logo-banner-desde-nuestras-inicios.png","contentUrl":"https:\/\/theheihispanicagency.com\/wp-content\/uploads\/2025\/02\/logo-banner-desde-nuestras-inicios.png","width":158,"height":208,"caption":"The Hei Hispanic Agency INC"},"image":{"@id":"https:\/\/www.latinohispanicadvertising.com\/en\/#\/schema\/logo\/image\/"}}]}},"_links":{"self":[{"href":"https:\/\/www.latinohispanicadvertising.com\/en\/wp-json\/wp\/v2\/pages\/73","targetHints":{"allow":["GET"]}}],"collection":[{"href":"https:\/\/www.latinohispanicadvertising.com\/en\/wp-json\/wp\/v2\/pages"}],"about":[{"href":"https:\/\/www.latinohispanicadvertising.com\/en\/wp-json\/wp\/v2\/types\/page"}],"author":[{"embeddable":true,"href":"https:\/\/www.latinohispanicadvertising.com\/en\/wp-json\/wp\/v2\/users\/1"}],"replies":[{"embeddable":true,"href":"https:\/\/www.latinohispanicadvertising.com\/en\/wp-json\/wp\/v2\/comments?post=73"}],"version-history":[{"count":6,"href":"https:\/\/www.latinohispanicadvertising.com\/en\/wp-json\/wp\/v2\/pages\/73\/revisions"}],"predecessor-version":[{"id":425,"href":"https:\/\/www.latinohispanicadvertising.com\/en\/wp-json\/wp\/v2\/pages\/73\/revisions\/425"}],"wp:featuredmedia":[{"embeddable":true,"href":"https:\/\/www.latinohispanicadvertising.com\/en\/wp-json\/wp\/v2\/media\/61"}],"wp:attachment":[{"href":"https:\/\/www.latinohispanicadvertising.com\/en\/wp-json\/wp\/v2\/media?parent=73"}],"curies":[{"name":"wp","href":"https:\/\/api.w.org\/{rel}","templated":true}]}}